{"id":7109,"date":"2022-05-24T18:48:08","date_gmt":"2022-05-24T16:48:08","guid":{"rendered":"https:\/\/homeline24.de\/de\/?page_id=7109"},"modified":"2022-07-27T14:24:05","modified_gmt":"2022-07-27T12:24:05","slug":"home","status":"publish","type":"page","link":"https:\/\/homeline24.de\/de\/home\/","title":{"rendered":"Home"},"content":{"rendered":"<p>[vc_row full_width=&#8220;stretch_row_content_no_spaces&#8220; css=&#8220;.vc_custom_1524058022656{margin-bottom: 10px !important;}&#8220;][vc_column woodmart_css_id=&#8220;6111393b1f766&#8243; responsive_spacing=&#8220;eyJwYXJhbV90eXBlIjoid29vZG1hcnRfcmVzcG9uc2l2ZV9zcGFjaW5nIiwic2VsZWN0b3JfaWQiOiI2MTExMzkzYjFmNzY2Iiwic2hvcnRjb2RlIjoidmNfY29sdW1uIiwiZGF0YSI6eyJ0YWJsZXQiOnt9LCJtb2JpbGUiOnt9fX0=&#8220; parallax_scroll=&#8220;no&#8220; mobile_bg_img_hidden=&#8220;no&#8220; tablet_bg_img_hidden=&#8220;no&#8220; woodmart_parallax=&#8220;0&#8243; woodmart_sticky_column=&#8220;false&#8220; mobile_reset_margin=&#8220;no&#8220; tablet_reset_margin=&#8220;no&#8220;][rev_slider_vc alias=&#8220;Homeline&#8220;][\/vc_column][\/vc_row][vc_row][vc_column width=&#8220;1\/6&#8243;][\/vc_column][vc_column width=&#8220;2\/3&#8243;][vc_empty_space woodmart_hide_large=&#8220;0&#8243; woodmart_hide_medium=&#8220;0&#8243; woodmart_hide_small=&#8220;0&#8243;]\n\t\t<div id=\"wd-628d15a6abd93\" class=\"title-wrapper wd-wpb set-mb-s reset-last-child  wd-rs-628d15a6abd93 wd-title-color-primary wd-title-style-underlined text-center  wd-underline-colored\">\n\t\t\t\n\t\t\t<div class=\"liner-continer\">\n\t\t\t\t<h4 class=\"woodmart-title-container title  wd-font-weight-400 wd-fontsize-xl\" >F\u00dcR EINE SICHERE HYGIENE IN IHREM HAUS<\/h4>\n\t\t\t\t\t\t\t<\/div>\n\t\t\t\n\t\t\t\t\t\t\t<div class=\"title-after_title  set-cont-mb-s reset-last-child  wd-fontsize-s\">Unser Erfolgskonzept sind Produkte, die sich durch hohe Haltbarkeit und Zuverl\u00e4ssigkeit, ein besonderes Ma\u00df an Funktionalit\u00e4t, Ausstattung, Innovation und Technik sowie zeitgem\u00e4\u00dfer Ergonomie und zeitlosem Design auszeichnen.<\/div>\n\t\t\t\n\t\t\t\n\t\t<\/div>\n\t\t\n\t\t[vc_empty_space woodmart_hide_large=&#8220;0&#8243; woodmart_hide_medium=&#8220;0&#8243; woodmart_hide_small=&#8220;0&#8243;][\/vc_column][vc_column width=&#8220;1\/6&#8243;][\/vc_column][\/vc_row][vc_row content_placement=&#8220;top&#8220; css=&#8220;.vc_custom_1628518811157{margin-right: -10px !important;margin-bottom: 60px !important;margin-left: -10px !important;}&#8220; woodmart_css_id=&#8220;61113994863be&#8220; responsive_spacing=&#8220;eyJwYXJhbV90eXBlIjoid29vZG1hcnRfcmVzcG9uc2l2ZV9zcGFjaW5nIiwic2VsZWN0b3JfaWQiOiI2MTExMzk5NDg2M2JlIiwic2hvcnRjb2RlIjoidmNfcm93IiwiZGF0YSI6eyJ0YWJsZXQiOnt9LCJtb2JpbGUiOnsibWFyZ2luLWJvdHRvbSI6IjQwIn19fQ==&#8220; mobile_bg_img_hidden=&#8220;no&#8220; tablet_bg_img_hidden=&#8220;no&#8220; woodmart_parallax=&#8220;0&#8243; woodmart_gradient_switch=&#8220;no&#8220; row_reverse_mobile=&#8220;0&#8243; row_reverse_tablet=&#8220;0&#8243; woodmart_disable_overflow=&#8220;0&#8243;][vc_column width=&#8220;1\/4&#8243; offset=&#8220;vc_col-lg-3 vc_col-md-3 vc_col-xs-12&#8243; woodmart_css_id=&#8220;628d1b197f40c&#8220; parallax_scroll=&#8220;no&#8220; woodmart_sticky_column=&#8220;false&#8220; wd_collapsible_content_switcher=&#8220;no&#8220; wd_column_role_offcanvas_desktop=&#8220;no&#8220; wd_column_role_offcanvas_tablet=&#8220;no&#8220; wd_column_role_offcanvas_mobile=&#8220;no&#8220; wd_column_role_content_desktop=&#8220;no&#8220; wd_column_role_content_tablet=&#8220;no&#8220; wd_column_role_content_mobile=&#8220;no&#8220; mobile_bg_img_hidden=&#8220;no&#8220; tablet_bg_img_hidden=&#8220;no&#8220; woodmart_parallax=&#8220;0&#8243; woodmart_box_shadow=&#8220;no&#8220; responsive_spacing=&#8220;eyJwYXJhbV90eXBlIjoid29vZG1hcnRfcmVzcG9uc2l2ZV9zcGFjaW5nIiwic2VsZWN0b3JfaWQiOiI2MjhkMWIxOTdmNDBjIiwic2hvcnRjb2RlIjoidmNfY29sdW1uIiwiZGF0YSI6eyJ0YWJsZXQiOnt9LCJtb2JpbGUiOnt9fX0=&#8220; mobile_reset_margin=&#8220;no&#8220; tablet_reset_margin=&#8220;no&#8220; wd_z_index=&#8220;no&#8220;]\t\t<div id=\"wd-62b07cdac2d63\" class=\"wd-text-block wd-wpb reset-last-child wd-rs-62b07cdac2d63 text-left wd-font-weight-300 color-primary wd-fontsize-m font-alt vc_custom_1655733486606\">\n\t\t\t<p class=\"vc_custom_heading\" style=\"text-align: center;\"><span style=\"color: #ffffff;\">Reinigungstextilien<\/span><\/p>\n\t\t<\/div>\n\t\t\t\t<div class=\"promo-banner-wrapper  wd-rs-62e12e09a383a vc_custom_1658924639583 wd-width-custom\">\n\t\t\t<div id=\"wd-62e12e09a383a\" class=\"promo-banner  banner- banner-hover-zoom color-scheme-dark banner-btn-size-default banner-btn-style-link  wd-with-link wd-underline-colored\">\n\t\t\t\t<div class=\"main-wrapp-img\">\n\t\t\t\t\t<div class=\"banner-image wd-bg-position-center\" >\n\t\t\t\t\t\t<img loading=\"lazy\" decoding=\"async\" width=\"316\" height=\"316\" src=\"https:\/\/homeline24.de\/de\/wp-content\/uploads\/2022\/05\/Textilien.jpg\" class=\"attachment-full size-full\" alt=\"\" \/>\t\t\t\t\t<\/div>\n\t\t\t\t<\/div>\n\n\t\t\t\t<div class=\"wrapper-content-banner wd-fill  wd-items-middle wd-justify-center\">\n\t\t\t\t\t<div class=\"content-banner  text-left\">\n\t\t\t\t\t\t\t\t\t\t\t\t\n\t\t\t\t\t\t\n\t\t\t\t\t\t\t\t\t\t\t<\/div>\n\t\t\t\t<\/div>\n\n\t\t\t\t\t\t\t\t\t<a class=\"wd-promo-banner-link wd-fill\" aria-label=\"Banner link\" href=\"https:\/\/homeline24.de\/de\/produkt-kategorie\/reinigungstextilien\/\" title=\"Reinigungstextilien\"><\/a>\n\t\t\t\t\n\t\t\t\t\t\t\t<\/div>\n\t\t<\/div>\n\n\t\t[vc_empty_space][\/vc_column][vc_column width=&#8220;1\/4&#8243;]\t\t<div id=\"wd-62b07ced469dc\" class=\"wd-text-block wd-wpb reset-last-child wd-rs-62b07ced469dc text-left wd-font-weight-300 color-primary wd-fontsize-m font-alt vc_custom_1655733502925\">\n\t\t\t<p class=\"vc_custom_heading\" style=\"text-align: center;\"><span style=\"color: #ffffff;\">Reinigungs- und Pflegemittel<\/span><\/p>\n\t\t<\/div>\n\t\t\t\t<div class=\"promo-banner-wrapper  wd-rs-62da914996e3a vc_custom_1658491289292 wd-width-custom\">\n\t\t\t<div id=\"wd-62da914996e3a\" class=\"promo-banner  banner- banner-hover-zoom color-scheme-dark banner-btn-size-default banner-btn-style-link  wd-with-link wd-underline-colored\">\n\t\t\t\t<div class=\"main-wrapp-img\">\n\t\t\t\t\t<div class=\"banner-image wd-bg-position-center\" >\n\t\t\t\t\t\t<img loading=\"lazy\" decoding=\"async\" width=\"316\" height=\"316\" src=\"https:\/\/homeline24.de\/de\/wp-content\/uploads\/2022\/05\/Reinigung.jpg\" class=\"attachment-full size-full\" alt=\"\" \/>\t\t\t\t\t<\/div>\n\t\t\t\t<\/div>\n\n\t\t\t\t<div class=\"wrapper-content-banner wd-fill  wd-items-middle wd-justify-center\">\n\t\t\t\t\t<div class=\"content-banner  text-left\">\n\t\t\t\t\t\t\t\t\t\t\t\t\n\t\t\t\t\t\t\n\t\t\t\t\t\t\t\t\t\t\t<\/div>\n\t\t\t\t<\/div>\n\n\t\t\t\t\t\t\t\t\t<a class=\"wd-promo-banner-link wd-fill\" aria-label=\"Banner link\" href=\"https:\/\/homeline24.de\/de\/produkt-kategorie\/reinigungs-und-pflegemittel\/\" title=\"Reinigungs-und-Pflegemittel\"><\/a>\n\t\t\t\t\n\t\t\t\t\t\t\t<\/div>\n\t\t<\/div>\n\n\t\t[vc_empty_space][\/vc_column][vc_column width=&#8220;1\/4&#8243;]\t\t<div id=\"wd-62b07cfb2b7b0\" class=\"wd-text-block wd-wpb reset-last-child wd-rs-62b07cfb2b7b0 text-left wd-font-weight-300 color-primary wd-fontsize-m font-alt vc_custom_1655733520096\">\n\t\t\t<p class=\"vc_custom_heading\" style=\"text-align: center;\"><span style=\"color: #ffffff;\">Reinigungssysteme<\/span><\/p>\n\t\t<\/div>\n\t\t\t\t<div class=\"promo-banner-wrapper  wd-rs-62da91ba8985f vc_custom_1658491375555 wd-width-custom\">\n\t\t\t<div id=\"wd-62da91ba8985f\" class=\"promo-banner  banner- banner-hover-zoom color-scheme-dark banner-btn-size-default banner-btn-style-link  wd-with-link wd-underline-colored\">\n\t\t\t\t<div class=\"main-wrapp-img\">\n\t\t\t\t\t<div class=\"banner-image wd-bg-position-center\" >\n\t\t\t\t\t\t<img loading=\"lazy\" decoding=\"async\" width=\"316\" height=\"316\" src=\"https:\/\/homeline24.de\/de\/wp-content\/uploads\/2022\/05\/Reinigungszubehoer.jpg\" class=\"attachment-full size-full\" alt=\"\" \/>\t\t\t\t\t<\/div>\n\t\t\t\t<\/div>\n\n\t\t\t\t<div class=\"wrapper-content-banner wd-fill  wd-items-middle wd-justify-center\">\n\t\t\t\t\t<div class=\"content-banner  text-left\">\n\t\t\t\t\t\t\t\t\t\t\t\t\n\t\t\t\t\t\t\n\t\t\t\t\t\t\t\t\t\t\t<\/div>\n\t\t\t\t<\/div>\n\n\t\t\t\t\t\t\t\t\t<a class=\"wd-promo-banner-link wd-fill\" aria-label=\"Banner link\" href=\"https:\/\/homeline24.de\/de\/produkt-kategorie\/reinigungssysteme\/\" title=\"Reinigungssysteme\"><\/a>\n\t\t\t\t\n\t\t\t\t\t\t\t<\/div>\n\t\t<\/div>\n\n\t\t[vc_empty_space][\/vc_column][vc_column width=&#8220;1\/4&#8243;]\t\t<div id=\"wd-62b07d0c6abb3\" class=\"wd-text-block wd-wpb reset-last-child wd-rs-62b07d0c6abb3 text-left wd-font-weight-300 color-primary wd-fontsize-m font-alt vc_custom_1655733530440\">\n\t\t\t<p class=\"vc_custom_heading\" style=\"text-align: center;\"><span style=\"color: #ffffff;\">Zubeh\u00f6r<\/span><\/p>\n\t\t<\/div>\n\t\t\t\t<div class=\"promo-banner-wrapper  wd-rs-62da96e40cff7 vc_custom_1658492727226 wd-width-custom\">\n\t\t\t<div id=\"wd-62da96e40cff7\" class=\"promo-banner  banner- banner-hover-zoom color-scheme-dark banner-btn-size-default banner-btn-style-link  wd-with-link wd-underline-colored\">\n\t\t\t\t<div class=\"main-wrapp-img\">\n\t\t\t\t\t<div class=\"banner-image wd-bg-position-center\" >\n\t\t\t\t\t\t<img loading=\"lazy\" decoding=\"async\" width=\"852\" height=\"853\" src=\"https:\/\/homeline24.de\/de\/wp-content\/uploads\/2022\/05\/zubehoer.jpg\" class=\"attachment-full size-full\" alt=\"\" \/>\t\t\t\t\t<\/div>\n\t\t\t\t<\/div>\n\n\t\t\t\t<div class=\"wrapper-content-banner wd-fill  wd-items-middle wd-justify-center\">\n\t\t\t\t\t<div class=\"content-banner  text-left\">\n\t\t\t\t\t\t\t\t\t\t\t\t\n\t\t\t\t\t\t\n\t\t\t\t\t\t\t\t\t\t\t<\/div>\n\t\t\t\t<\/div>\n\n\t\t\t\t\t\t\t\t\t<a class=\"wd-promo-banner-link wd-fill\" aria-label=\"Banner link\" href=\"https:\/\/homeline24.de\/de\/produkt-kategorie\/zubehoer\/\" title=\"Zubeh\u00f6r\"><\/a>\n\t\t\t\t\n\t\t\t\t\t\t\t<\/div>\n\t\t<\/div>\n\n\t\t[vc_empty_space][\/vc_column][\/vc_row][vc_row][vc_column][vc_column_text woodmart_inline=&#8220;no&#8220; text_larger=&#8220;no&#8220;]<\/p>\n<h3 style=\"text-align: center;\">INNOVATIVE L\u00d6SUNGEN F\u00dcR DIE REINIGUNGSWELT<\/h3>\n<p style=\"text-align: center;\">Seit \u00fcber\u00a0<strong>28 Jahren<\/strong> bietet die ARCORA\u00ae GROUP hervorragende Produkte und einen herausragenden Service an. Damit hat sie sich erfolgreich und nachhaltig eine beachtliche Position im weltweiten Markt f\u00fcr Reinigungsprodukte gesichert.\u00a0Die eindrucksvolle Entwicklung der ARCORA\u00ae GROUP basiert auf der kontinuierlichen Einf\u00fchrung von Produktinnovationen, die unseren Kunden ein hohes Ma\u00df an Qualit\u00e4t und Zuverl\u00e4ssigkeit garantieren.<\/p>\n<p style=\"text-align: center;\">Unser Erfolgskonzept sind Produkte, die sich durch hohe Haltbarkeit und Zuverl\u00e4ssigkeit, ein besonderes Ma\u00df an Funktionalit\u00e4t, Ausstattung, Innovation und Technik sowie zeitgem\u00e4\u00dfer Ergonomie und zeitlosem Design auszeichnen.\u00a0Umfangreiche Marktumfragen und -analysen haben ferner best\u00e4tigt, dass heute die Nachfrage nach Produkten, die die unterschiedlichsten und individuellsten Bed\u00fcrfnisse und Erfordernisse erf\u00fcllen, enorm gewachsen ist. Diesen gestiegenen Anforderungen wollen wir gerecht werden.<\/p>\n<p>[\/vc_column_text][\/vc_column][\/vc_row]<\/p>\n","protected":false},"excerpt":{"rendered":"<p>[vc_row full_width=&#8220;stretch_row_content_no_spaces&#8220; css=&#8220;.vc_custom_1524058022656{margin-bottom: 10px !important;}&#8220;][vc_column woodmart_css_id=&#8220;6111393b1f766&#8243; responsive_spacing=&#8220;eyJwYXJhbV90eXBlIjoid29vZG1hcnRfcmVzcG9uc2l2ZV9zcGFjaW5nIiwic2VsZWN0b3JfaWQiOiI2MTExMzkzYjFmNzY2Iiwic2hvcnRjb2RlIjoidmNfY29sdW1uIiwiZGF0YSI6eyJ0YWJsZXQiOnt9LCJtb2JpbGUiOnt9fX0=&#8220; parallax_scroll=&#8220;no&#8220; mobile_bg_img_hidden=&#8220;no&#8220; tablet_bg_img_hidden=&#8220;no&#8220; woodmart_parallax=&#8220;0&#8243; woodmart_sticky_column=&#8220;false&#8220; mobile_reset_margin=&#8220;no&#8220; tablet_reset_margin=&#8220;no&#8220;][rev_slider_vc alias=&#8220;Homeline&#8220;][\/vc_column][\/vc_row][vc_row][vc_column width=&#8220;1\/6&#8243;][\/vc_column][vc_column width=&#8220;2\/3&#8243;][vc_empty_space woodmart_hide_large=&#8220;0&#8243; woodmart_hide_medium=&#8220;0&#8243; woodmart_hide_small=&#8220;0&#8243;][vc_empty_space<\/p>\n","protected":false},"author":1,"featured_media":0,"parent":0,"menu_order":0,"comment_status":"closed","ping_status":"closed","template":"","meta":{"footnotes":""},"class_list":["post-7109","page","type-page","status-publish","hentry"],"_links":{"self":[{"href":"https:\/\/homeline24.de\/de\/wp-json\/wp\/v2\/pages\/7109","targetHints":{"allow":["GET"]}}],"collection":[{"href":"https:\/\/homeline24.de\/de\/wp-json\/wp\/v2\/pages"}],"about":[{"href":"https:\/\/homeline24.de\/de\/wp-json\/wp\/v2\/types\/page"}],"author":[{"embeddable":true,"href":"https:\/\/homeline24.de\/de\/wp-json\/wp\/v2\/users\/1"}],"replies":[{"embeddable":true,"href":"https:\/\/homeline24.de\/de\/wp-json\/wp\/v2\/comments?post=7109"}],"version-history":[{"count":79,"href":"https:\/\/homeline24.de\/de\/wp-json\/wp\/v2\/pages\/7109\/revisions"}],"predecessor-version":[{"id":7511,"href":"https:\/\/homeline24.de\/de\/wp-json\/wp\/v2\/pages\/7109\/revisions\/7511"}],"wp:attachment":[{"href":"https:\/\/homeline24.de\/de\/wp-json\/wp\/v2\/media?parent=7109"}],"curies":[{"name":"wp","href":"https:\/\/api.w.org\/{rel}","templated":true}]}}