{"id":5212,"date":"2021-08-25T07:26:28","date_gmt":"2021-08-25T07:26:28","guid":{"rendered":"http:\/\/dummy.xtemos.com\/woodmart2\/?page_id=5212"},"modified":"2022-05-25T12:22:44","modified_gmt":"2022-05-25T10:22:44","slug":"about-us-3","status":"publish","type":"page","link":"https:\/\/homeline24.de\/de\/about-us-3\/","title":{"rendered":"Unternehmen"},"content":{"rendered":"<p>[vc_row full_width=&#8220;stretch_row&#8220; css=&#8220;.vc_custom_1653459175137{background-color: #f9f9f9 !important;}&#8220; woodmart_css_id=&#8220;628dc8e40cb0e&#8220; responsive_spacing=&#8220;eyJwYXJhbV90eXBlIjoid29vZG1hcnRfcmVzcG9uc2l2ZV9zcGFjaW5nIiwic2VsZWN0b3JfaWQiOiI2MjhkYzhlNDBjYjBlIiwic2hvcnRjb2RlIjoidmNfcm93IiwiZGF0YSI6eyJ0YWJsZXQiOnt9LCJtb2JpbGUiOnt9fX0=&#8220; mobile_bg_img_hidden=&#8220;no&#8220; tablet_bg_img_hidden=&#8220;no&#8220; woodmart_parallax=&#8220;0&#8243; woodmart_gradient_switch=&#8220;no&#8220; woodmart_box_shadow=&#8220;no&#8220; wd_z_index=&#8220;no&#8220; woodmart_disable_overflow=&#8220;0&#8243; row_reverse_mobile=&#8220;0&#8243; row_reverse_tablet=&#8220;0&#8243;][vc_column width=&#8220;1\/3&#8243;]\n\t\t<div id=\"wd-628dc9635eadb\" class=\"title-wrapper wd-wpb set-mb-s reset-last-child  wd-rs-628dc9635eadb wd-title-color-primary wd-title-style-default text-left vc_custom_1653459340624 wd-width-enabled wd-underline-colored\" style=\"--wd-max-width: 90%;\">\n\t\t\t\t\t\t\t<div class=\"title-subtitle  subtitle-color-primary font-default subtitle-style-default wd-font-weight-600 wd-fontsize-xs\">EINIGE WORTE \u00dcBER UNS<\/div>\n\t\t\t\n\t\t\t<div class=\"liner-continer\">\n\t\t\t\t<h4 class=\"woodmart-title-container title  wd-font-weight- wd-fontsize-xxl\" >Abgestimmte Teamarbeit spricht \u00fcber uns<\/h4>\n\t\t\t\t\t\t\t<\/div>\n\t\t\t\n\t\t\t\n\t\t\t\n\t\t<\/div>\n\t\t\n\t\t[\/vc_column][vc_column width=&#8220;1\/3&#8243;][vc_empty_space height=&#8220;50px&#8220; woodmart_hide_large=&#8220;0&#8243; woodmart_hide_medium=&#8220;0&#8243; woodmart_hide_small=&#8220;0&#8243;]\t\t\t<div class=\"info-box-wrapper\">\n\t\t\t\t<div id=\"wd-628dc994f3685\" class=\" wd-rs-628dc994f3685 wd-info-box wd-wpb text-left box-icon-align-left box-style- color-scheme- wd-bg-none wd-items-top vc_custom_1653459355904\">\n\t\t\t\t\t\t\t\t\t\t<div class=\"info-box-content\">\n\t\t\t\t\t\t<h4 class=\"info-box-title title box-title-style-default wd-fontsize-m\">Wir lieben was wir tun<\/h4>\t\t\t\t\t\t<div class=\"info-box-inner set-cont-mb-s reset-last-child\"><p>lehnen sie sich entspannt zur\u00fcck und wir k\u00fcmmern uns um den Service.<\/p>\n<\/div>\n\n\t\t\t\t\t\t\t\t\t\t\t<\/div>\n\n\t\t\t\t\t\t\t\t\t\t\t<a class=\"wd-info-box-link wd-fill\" aria-label=\"Infobox link\" href=\"#\" title=\"\"><\/a>\n\t\t\t\t\t\n\t\t\t\t\t\t\t\t\t<\/div>\n\t\t\t<\/div>\n\t\t[\/vc_column][vc_column width=&#8220;1\/3&#8243;][vc_empty_space height=&#8220;50px&#8220; woodmart_hide_large=&#8220;0&#8243; woodmart_hide_medium=&#8220;0&#8243; woodmart_hide_small=&#8220;0&#8243;]\t\t\t<div class=\"info-box-wrapper\">\n\t\t\t\t<div id=\"wd-628dc7e828521\" class=\" wd-rs-628dc7e828521 wd-info-box wd-wpb text-left box-icon-align-left box-style- color-scheme- wd-bg-none wd-items-top vc_custom_1653458979679\">\n\t\t\t\t\t\t\t\t\t\t<div class=\"info-box-content\">\n\t\t\t\t\t\t<h4 class=\"info-box-title title box-title-style-default wd-fontsize-m\">Unser Arbeitsprozess<\/h4>\t\t\t\t\t\t<div class=\"info-box-inner set-cont-mb-s reset-last-child\"><p>Ein Teammitarbeiter pr\u00fcft Ihre Homeline-Inventar, erg\u00e4nzt die Produktpalette und zus\u00e4tzlich haben Sie immer die M\u00f6glichkeit die kommende Produkte vorher zu Testen.<\/p>\n<\/div>\n\n\t\t\t\t\t\t\t\t\t\t\t<\/div>\n\n\t\t\t\t\t\t\t\t\t\t\t<a class=\"wd-info-box-link wd-fill\" aria-label=\"Infobox link\" href=\"#\" title=\"\"><\/a>\n\t\t\t\t\t\n\t\t\t\t\t\t\t\t\t<\/div>\n\t\t\t<\/div>\n\t\t[vc_empty_space woodmart_hide_large=&#8220;0&#8243; woodmart_hide_medium=&#8220;0&#8243; woodmart_hide_small=&#8220;0&#8243;][\/vc_column][\/vc_row][vc_row][vc_column][vc_empty_space height=&#8220;20px&#8220; woodmart_hide_large=&#8220;0&#8243; woodmart_hide_medium=&#8220;0&#8243; woodmart_hide_small=&#8220;0&#8243;][\/vc_column][\/vc_row][vc_row full_width=&#8220;stretch_row&#8220; woodmart_css_id=&#8220;628de03f536d8&#8243; responsive_spacing=&#8220;eyJwYXJhbV90eXBlIjoid29vZG1hcnRfcmVzcG9uc2l2ZV9zcGFjaW5nIiwic2VsZWN0b3JfaWQiOiI2MjhkZTAzZjUzNmQ4Iiwic2hvcnRjb2RlIjoidmNfcm93IiwiZGF0YSI6eyJ0YWJsZXQiOnt9LCJtb2JpbGUiOnt9fX0=&#8220; mobile_bg_img_hidden=&#8220;no&#8220; tablet_bg_img_hidden=&#8220;no&#8220; woodmart_parallax=&#8220;0&#8243; woodmart_gradient_switch=&#8220;no&#8220; woodmart_box_shadow=&#8220;no&#8220; wd_z_index=&#8220;no&#8220; woodmart_disable_overflow=&#8220;0&#8243; row_reverse_mobile=&#8220;0&#8243; row_reverse_tablet=&#8220;0&#8243;][vc_column width=&#8220;1\/2&#8243;]\t\t<div id=\"wd-628dd1f082f71\" class=\"wd-image wd-wpb wd-rs-628dd1f082f71 text-left vc_custom_1653461499419\">\n\t\t\t\n\t\t\t<img loading=\"lazy\" decoding=\"async\" width=\"600\" height=\"900\" src=\"https:\/\/homeline24.de\/de\/wp-content\/uploads\/2022\/05\/Homeline.jpg\" class=\"attachment-full size-full\" alt=\"\" srcset=\"https:\/\/homeline24.de\/de\/wp-content\/uploads\/2022\/05\/Homeline.jpg 600w, https:\/\/homeline24.de\/de\/wp-content\/uploads\/2022\/05\/Homeline-430x645.jpg 430w, https:\/\/homeline24.de\/de\/wp-content\/uploads\/2022\/05\/Homeline-150x225.jpg 150w, https:\/\/homeline24.de\/de\/wp-content\/uploads\/2022\/05\/Homeline-200x300.jpg 200w, https:\/\/homeline24.de\/de\/wp-content\/uploads\/2022\/05\/Homeline-533x800.jpg 533w\" sizes=\"auto, (max-width: 600px) 100vw, 600px\" \/>\n\t\t\t\t\t<\/div>\n\t\t[\/vc_column][vc_column width=&#8220;1\/2&#8243;]\n\t\t<div id=\"wd-628dd22e8deac\" class=\"title-wrapper wd-wpb set-mb-s reset-last-child  wd-rs-628dd22e8deac wd-title-color-primary wd-title-style-default text-left vc_custom_1653461567013 wd-underline-colored\">\n\t\t\t\t\t\t\t<div class=\"title-subtitle  subtitle-color-primary font-default subtitle-style-default wd-font-weight-600 wd-fontsize-xs\">ELEGANTES DESIGN<\/div>\n\t\t\t\n\t\t\t<div class=\"liner-continer\">\n\t\t\t\t<h4 class=\"woodmart-title-container title  wd-font-weight- wd-fontsize-xxl\" >HOMELINE<\/h4>\n\t\t\t\t\t\t\t<\/div>\n\t\t\t\n\t\t\t\n\t\t\t\n\t\t<\/div>\n\t\t\n\t\t\t\t<div id=\"wd-628dd1735f386\" class=\"wd-text-block wd-wpb reset-last-child wd-rs-628dd1735f386 text-left wd-width-enabled wd-fontsize-s vc_custom_1653461375037\" style=\"--wd-max-width: 90%;\">\n\t\t\t<p><em>Das Ziel der ARCORA GROUP, das mit seiner 30-j\u00e4hrigen Erfahrung in der professionellen Reinigungsbranche sehr erfolgreich ist, besteht heute darin, den Endverbraucher zu erreichen.<\/em><\/p>\n\t\t<\/div>\n\t\t\t\t<div id=\"wd-628dd308baf59\" class=\"wd-text-block wd-wpb reset-last-child wd-rs-628dd308baf59 text-left wd-fontsize-custom vc_custom_1653461776362\">\n\t\t\t<p>Wir verstehen die Wichtigkeit von Sauberkeit und Hygiene besonders in dieser schwierigen Zeit, in der Corona zunehmend auf unser Leben einwirkt. Das Unternehmen, das seit vielen Jahren im industriellen Bereich t\u00e4tig ist, erg\u00e4nzt seine Struktur um die HOME-LINE-Gruppe und m\u00f6chte alle Haushalte mit professionellen Reinigungsprodukten\/-systeme erreichen, ohne dabei seine gewerbliche Linie zu beeintr\u00e4chtigen.<\/p>\n<p>Neben dem industriellen Kundenstamm ist es das Ziel des Unternehmens, unsere HOME-LINE-Profiprodukte in allen Supermarktregalen in ganz Europa zu platzieren. Wir wollen auch weiterhin dem Prinzip der Nachhaltigkeit folgen, indem wir die soziale, \u00f6kologische und \u00f6konomische Balance in allen Aspekten der Hygiene- Branche von A bis Z beibehalten. Durch unser professionelles, in langen Studien ausgebildetes Team, werden Sie seit dem 01.01.2022 unsere Produkte in allen Superm\u00e4rkten zun\u00e4chst in Deutschland und dann in ganz Europa zur Verf\u00fcgung haben.<\/p>\n<p>Das Unternehmen produziert seine Produkte in f\u00fcnf verschiedenen Werken. In mehr als 43 L\u00e4ndern auf dem Weltmarkt vertreten, bietet ARCORA GROUP seine Produkte in den Bereichen Reinigungs- und Pfegemittel, Reinigungstextilien, Zubeh\u00f6r sowie Reinigungspads\/- und Maschinen f\u00fcr alle M\u00f6glichkeiten der t\u00e4glichen und allgemeinen Reinigung an.<\/p>\n<p>Die Produkte der Arcora HOME-LINE, die in den Superm\u00e4rkten vermarktet werden sollen, sind sowohl bezahlbare als auch effziente Produkte.<br \/>\nZiel ist es, die Endverbraucher von der Produktleistung zu \u00fcberzeugen. Die ARCORA GROUP verf\u00fcgt \u00fcber ein professionelles Team von 352 Mitarbeitern weltweit.<\/p>\n<p>Unter dem Motto \u201eGemeinsam f\u00fcr eine sauberere Umwelt&#8220;<\/p>\n\t\t<\/div>\n\t\t[\/vc_column][\/vc_row][vc_row][vc_column][vc_empty_space height=&#8220;40px&#8220; woodmart_hide_large=&#8220;0&#8243; woodmart_hide_medium=&#8220;0&#8243; woodmart_hide_small=&#8220;0&#8243;][\/vc_column][\/vc_row][vc_row css=&#8220;.vc_custom_1629877050232{margin-bottom: 60px !important;}&#8220; mobile_bg_img_hidden=&#8220;no&#8220; tablet_bg_img_hidden=&#8220;no&#8220; woodmart_parallax=&#8220;0&#8243; woodmart_gradient_switch=&#8220;no&#8220; row_reverse_mobile=&#8220;0&#8243; row_reverse_tablet=&#8220;0&#8243; woodmart_disable_overflow=&#8220;0&#8243; wd_z_index=&#8220;no&#8220; woodmart_css_id=&#8220;6125f332edbdf&#8220; responsive_spacing=&#8220;eyJwYXJhbV90eXBlIjoid29vZG1hcnRfcmVzcG9uc2l2ZV9zcGFjaW5nIiwic2VsZWN0b3JfaWQiOiI2MTI1ZjMzMmVkYmRmIiwic2hvcnRjb2RlIjoidmNfcm93IiwiZGF0YSI6eyJ0YWJsZXQiOnt9LCJtb2JpbGUiOnsibWFyZ2luLWJvdHRvbSI6IjQwIn19fQ==&#8220;][vc_column css=&#8220;.vc_custom_1615616838746{padding-top: 0px !important;}&#8220; mobile_bg_img_hidden=&#8220;no&#8220; tablet_bg_img_hidden=&#8220;no&#8220; woodmart_parallax=&#8220;0&#8243; woodmart_sticky_column=&#8220;false&#8220; parallax_scroll=&#8220;no&#8220; mobile_reset_margin=&#8220;no&#8220; tablet_reset_margin=&#8220;no&#8220;]\n\t\t<div id=\"wd-628ddd87dcab0\" class=\"title-wrapper wd-wpb set-mb-s reset-last-child  wd-rs-628ddd87dcab0 wd-title-color-primary wd-title-style-default text-center  wd-underline-colored\">\n\t\t\t\n\t\t\t<div class=\"liner-continer\">\n\t\t\t\t<h4 class=\"woodmart-title-container title  wd-font-weight- wd-fontsize-xxl\" >F\u00dcHRUNGSTEAM<\/h4>\n\t\t\t\t\t\t\t<\/div>\n\t\t\t\n\t\t\t\t\t\t\t<div class=\"title-after_title  set-cont-mb-s reset-last-child  wd-fontsize-s\">Ein gut eingespieltes Team<\/div>\n\t\t\t\n\t\t\t\n\t\t<\/div>\n\t\t\n\t\t[\/vc_column][vc_column width=&#8220;1\/2&#8243; css=&#8220;.vc_custom_1615815117241{padding-top: 0px !important;}&#8220; mobile_bg_img_hidden=&#8220;no&#8220; tablet_bg_img_hidden=&#8220;no&#8220; woodmart_parallax=&#8220;0&#8243; woodmart_sticky_column=&#8220;false&#8220; parallax_scroll=&#8220;no&#8220; mobile_reset_margin=&#8220;no&#8220; tablet_reset_margin=&#8220;no&#8220; offset=&#8220;vc_col-lg-3 vc_col-md-3 vc_col-xs-12&#8243;]\t\t<div class=\"team-member wd-wpb wd-rs- member-layout-default text-center \">\n\t\t\t\t\t\t\t<div class=\"member-image-wrapper\">\n\t\t\t\t\t<div class=\"member-image\">\n\t\t\t\t\t\t<img loading=\"lazy\" decoding=\"async\" width=\"608\" height=\"611\" src=\"https:\/\/homeline24.de\/de\/wp-content\/uploads\/2022\/05\/Soner-Odabas.jpg\" class=\"team-member-avatar-image\" alt=\"\" srcset=\"https:\/\/homeline24.de\/de\/wp-content\/uploads\/2022\/05\/Soner-Odabas.jpg 608w, https:\/\/homeline24.de\/de\/wp-content\/uploads\/2022\/05\/Soner-Odabas-430x432.jpg 430w, https:\/\/homeline24.de\/de\/wp-content\/uploads\/2022\/05\/Soner-Odabas-150x151.jpg 150w, https:\/\/homeline24.de\/de\/wp-content\/uploads\/2022\/05\/Soner-Odabas-600x603.jpg 600w, https:\/\/homeline24.de\/de\/wp-content\/uploads\/2022\/05\/Soner-Odabas-299x300.jpg 299w\" sizes=\"auto, (max-width: 608px) 100vw, 608px\" \/>\t\t\t\t\t<\/div>\n\t\t\t\t<\/div>\n\t\t\t\n\t\t\t<div class=\"member-details set-mb-s reset-last-child\">\n\t\t\t\t\t\t\t\t\t<h4 class=\"member-name\">\n\t\t\t\t\t\tSoner Odabas\t\t\t\t\t<\/h4>\n\t\t\t\t\n\t\t\t\t\t\t\t\t\t<div class=\"member-position\">\n\t\t\t\t\t\tHomeline Leitung\t\t\t\t\t<\/div>\n\t\t\t\t\n\t\t\t\t\t\t\t\t\t<div class=\"member-bio\">\n\t\t\t\t\t\tE-Mail<br \/>\ns.odabas@arcora.de\t\t\t\t\t<\/div>\n\t\t\t\t\n\t\t\t\t\t\t\t<\/div>\n\t\t<\/div>\n\n\t\t[\/vc_column][vc_column width=&#8220;1\/2&#8243; css=&#8220;.vc_custom_1615815121127{padding-top: 0px !important;}&#8220; mobile_bg_img_hidden=&#8220;no&#8220; tablet_bg_img_hidden=&#8220;no&#8220; woodmart_parallax=&#8220;0&#8243; woodmart_sticky_column=&#8220;false&#8220; parallax_scroll=&#8220;no&#8220; mobile_reset_margin=&#8220;no&#8220; tablet_reset_margin=&#8220;no&#8220; offset=&#8220;vc_col-lg-3 vc_col-md-3 vc_col-xs-12&#8243;]\t\t<div class=\"team-member wd-wpb wd-rs- member-layout-default text-center \">\n\t\t\t\t\t\t\t<div class=\"member-image-wrapper\">\n\t\t\t\t\t<div class=\"member-image\">\n\t\t\t\t\t\t<img loading=\"lazy\" decoding=\"async\" width=\"810\" height=\"814\" src=\"https:\/\/homeline24.de\/de\/wp-content\/uploads\/2022\/05\/Isabell-Huonker.jpg\" class=\"team-member-avatar-image\" alt=\"\" srcset=\"https:\/\/homeline24.de\/de\/wp-content\/uploads\/2022\/05\/Isabell-Huonker.jpg 810w, https:\/\/homeline24.de\/de\/wp-content\/uploads\/2022\/05\/Isabell-Huonker-430x432.jpg 430w, https:\/\/homeline24.de\/de\/wp-content\/uploads\/2022\/05\/Isabell-Huonker-150x151.jpg 150w, https:\/\/homeline24.de\/de\/wp-content\/uploads\/2022\/05\/Isabell-Huonker-700x703.jpg 700w, https:\/\/homeline24.de\/de\/wp-content\/uploads\/2022\/05\/Isabell-Huonker-299x300.jpg 299w, https:\/\/homeline24.de\/de\/wp-content\/uploads\/2022\/05\/Isabell-Huonker-796x800.jpg 796w, https:\/\/homeline24.de\/de\/wp-content\/uploads\/2022\/05\/Isabell-Huonker-768x772.jpg 768w\" sizes=\"auto, (max-width: 810px) 100vw, 810px\" \/>\t\t\t\t\t<\/div>\n\t\t\t\t<\/div>\n\t\t\t\n\t\t\t<div class=\"member-details set-mb-s reset-last-child\">\n\t\t\t\t\t\t\t\t\t<h4 class=\"member-name\">\n\t\t\t\t\t\tIsabell Huonker\t\t\t\t\t<\/h4>\n\t\t\t\t\n\t\t\t\t\t\t\t\t\t<div class=\"member-position\">\n\t\t\t\t\t\tMarketing Leitung\t\t\t\t\t<\/div>\n\t\t\t\t\n\t\t\t\t\t\t\t\t\t<div class=\"member-bio\">\n\t\t\t\t\t\tE-Mail<br \/>\ni.huonker@arcora.de\t\t\t\t\t<\/div>\n\t\t\t\t\n\t\t\t\t\t\t\t<\/div>\n\t\t<\/div>\n\n\t\t[\/vc_column][vc_column width=&#8220;1\/2&#8243; css=&#8220;.vc_custom_1615815129451{padding-top: 0px !important;}&#8220; mobile_bg_img_hidden=&#8220;no&#8220; tablet_bg_img_hidden=&#8220;no&#8220; woodmart_parallax=&#8220;0&#8243; woodmart_sticky_column=&#8220;false&#8220; parallax_scroll=&#8220;no&#8220; mobile_reset_margin=&#8220;no&#8220; tablet_reset_margin=&#8220;no&#8220; offset=&#8220;vc_col-lg-3 vc_col-md-3 vc_col-xs-12&#8243;]\t\t<div class=\"team-member wd-wpb wd-rs- member-layout-default text-center \">\n\t\t\t\t\t\t\t<div class=\"member-image-wrapper\">\n\t\t\t\t\t<div class=\"member-image\">\n\t\t\t\t\t\t<img loading=\"lazy\" decoding=\"async\" width=\"608\" height=\"611\" src=\"https:\/\/homeline24.de\/de\/wp-content\/uploads\/2022\/05\/Kemal-Karatepe.jpg\" class=\"team-member-avatar-image\" alt=\"\" srcset=\"https:\/\/homeline24.de\/de\/wp-content\/uploads\/2022\/05\/Kemal-Karatepe.jpg 608w, https:\/\/homeline24.de\/de\/wp-content\/uploads\/2022\/05\/Kemal-Karatepe-430x432.jpg 430w, https:\/\/homeline24.de\/de\/wp-content\/uploads\/2022\/05\/Kemal-Karatepe-150x151.jpg 150w, https:\/\/homeline24.de\/de\/wp-content\/uploads\/2022\/05\/Kemal-Karatepe-600x603.jpg 600w, https:\/\/homeline24.de\/de\/wp-content\/uploads\/2022\/05\/Kemal-Karatepe-299x300.jpg 299w\" sizes=\"auto, (max-width: 608px) 100vw, 608px\" \/>\t\t\t\t\t<\/div>\n\t\t\t\t<\/div>\n\t\t\t\n\t\t\t<div class=\"member-details set-mb-s reset-last-child\">\n\t\t\t\t\t\t\t\t\t<h4 class=\"member-name\">\n\t\t\t\t\t\tKemal Karatepe\t\t\t\t\t<\/h4>\n\t\t\t\t\n\t\t\t\t\t\t\t\t\t<div class=\"member-position\">\n\t\t\t\t\t\tVerwaltung\t\t\t\t\t<\/div>\n\t\t\t\t\n\t\t\t\t\t\t\t\t\t<div class=\"member-bio\">\n\t\t\t\t\t\tE-Mail<br \/>\nkaratepe@arcora.de\t\t\t\t\t<\/div>\n\t\t\t\t\n\t\t\t\t\t\t\t<\/div>\n\t\t<\/div>\n\n\t\t[\/vc_column][vc_column width=&#8220;1\/2&#8243; css=&#8220;.vc_custom_1615815133389{padding-top: 0px !important;}&#8220; mobile_bg_img_hidden=&#8220;no&#8220; tablet_bg_img_hidden=&#8220;no&#8220; woodmart_parallax=&#8220;0&#8243; woodmart_sticky_column=&#8220;false&#8220; parallax_scroll=&#8220;no&#8220; mobile_reset_margin=&#8220;no&#8220; tablet_reset_margin=&#8220;no&#8220; offset=&#8220;vc_col-lg-3 vc_col-md-3 vc_col-xs-12&#8243;]\t\t<div class=\"team-member wd-wpb wd-rs- member-layout-default text-center \">\n\t\t\t\t\t\t\t<div class=\"member-image-wrapper\">\n\t\t\t\t\t<div class=\"member-image\">\n\t\t\t\t\t\t<img loading=\"lazy\" decoding=\"async\" width=\"608\" height=\"611\" src=\"https:\/\/homeline24.de\/de\/wp-content\/uploads\/2022\/05\/Mert-Korkmaz3.jpg\" class=\"team-member-avatar-image\" alt=\"\" srcset=\"https:\/\/homeline24.de\/de\/wp-content\/uploads\/2022\/05\/Mert-Korkmaz3.jpg 608w, https:\/\/homeline24.de\/de\/wp-content\/uploads\/2022\/05\/Mert-Korkmaz3-430x432.jpg 430w, https:\/\/homeline24.de\/de\/wp-content\/uploads\/2022\/05\/Mert-Korkmaz3-150x151.jpg 150w, https:\/\/homeline24.de\/de\/wp-content\/uploads\/2022\/05\/Mert-Korkmaz3-600x603.jpg 600w, https:\/\/homeline24.de\/de\/wp-content\/uploads\/2022\/05\/Mert-Korkmaz3-299x300.jpg 299w\" sizes=\"auto, (max-width: 608px) 100vw, 608px\" \/>\t\t\t\t\t<\/div>\n\t\t\t\t<\/div>\n\t\t\t\n\t\t\t<div class=\"member-details set-mb-s reset-last-child\">\n\t\t\t\t\t\t\t\t\t<h4 class=\"member-name\">\n\t\t\t\t\t\tMert Korkmaz\t\t\t\t\t<\/h4>\n\t\t\t\t\n\t\t\t\t\t\t\t\t\t<div class=\"member-position\">\n\t\t\t\t\t\tExport Leitung\t\t\t\t\t<\/div>\n\t\t\t\t\n\t\t\t\t\t\t\t\t\t<div class=\"member-bio\">\n\t\t\t\t\t\tE-Mail<br \/>\nm.korkmaz@arcora.de\t\t\t\t\t<\/div>\n\t\t\t\t\n\t\t\t\t\t\t\t<\/div>\n\t\t<\/div>\n\n\t\t[\/vc_column][\/vc_row][vc_row full_width=&#8220;stretch_row&#8220; woodmart_css_id=&#8220;628de06fbe79f&#8220; responsive_spacing=&#8220;eyJwYXJhbV90eXBlIjoid29vZG1hcnRfcmVzcG9uc2l2ZV9zcGFjaW5nIiwic2VsZWN0b3JfaWQiOiI2MjhkZTA2ZmJlNzlmIiwic2hvcnRjb2RlIjoidmNfcm93IiwiZGF0YSI6eyJ0YWJsZXQiOnt9LCJtb2JpbGUiOnt9fX0=&#8220; mobile_bg_img_hidden=&#8220;no&#8220; tablet_bg_img_hidden=&#8220;no&#8220; woodmart_parallax=&#8220;0&#8243; woodmart_gradient_switch=&#8220;no&#8220; woodmart_box_shadow=&#8220;no&#8220; wd_z_index=&#8220;no&#8220; woodmart_disable_overflow=&#8220;0&#8243; row_reverse_mobile=&#8220;0&#8243; row_reverse_tablet=&#8220;0&#8243;][vc_column width=&#8220;1\/4&#8243;][vc_single_image image=&#8220;7236&#8243; img_size=&#8220;full&#8220; parallax_scroll=&#8220;no&#8220; woodmart_inline=&#8220;no&#8220;][\/vc_column][vc_column width=&#8220;3\/4&#8243;]\n\t\t<div id=\"wd-628ddfa1d20c0\" class=\"title-wrapper wd-wpb set-mb-s reset-last-child  wd-rs-628ddfa1d20c0 wd-title-color-default wd-title-style-default text-left vc_custom_1653465027462 wd-underline-colored\">\n\t\t\t\t\t\t\t<div class=\"title-subtitle  subtitle-color-default font-default subtitle-style-default wd-font-weight- wd-fontsize-xs\">CEO<\/div>\n\t\t\t\n\t\t\t<div class=\"liner-continer\">\n\t\t\t\t<h4 class=\"woodmart-title-container title  wd-font-weight- wd-fontsize-l\" >Sami Memili<\/h4>\n\t\t\t\t\t\t\t<\/div>\n\t\t\t\n\t\t\t\n\t\t\t\n\t\t<\/div>\n\t\t\n\t\t\t\t<div id=\"wd-628de256d2604\" class=\"wd-text-block wd-wpb reset-last-child wd-rs-628de256d2604 text-left wd-fontsize-s font-alt \">\n\t\t\t<p>Den Blick stets nach vorne zu richten, um die Anforderungen des sich schnell wandelnden globalen Markts zu erkennen,<br \/>\nist eine der wichtigsten Aufgaben unserer Zeit.<\/p>\n<p>Dies ist nur mit einem professionellen Team m\u00f6glich, das die verschiedenen Erwartungen erkennt und ma\u00dfgeschneiderte L\u00f6sungen anbietet.<\/p>\n\t\t<\/div>\n\t\t[\/vc_column][\/vc_row][vc_row][vc_column][\/vc_column][\/vc_row]<\/p>\n","protected":false},"excerpt":{"rendered":"<p>[vc_row full_width=&#8220;stretch_row&#8220; css=&#8220;.vc_custom_1653459175137{background-color: #f9f9f9 !important;}&#8220; woodmart_css_id=&#8220;628dc8e40cb0e&#8220; responsive_spacing=&#8220;eyJwYXJhbV90eXBlIjoid29vZG1hcnRfcmVzcG9uc2l2ZV9zcGFjaW5nIiwic2VsZWN0b3JfaWQiOiI2MjhkYzhlNDBjYjBlIiwic2hvcnRjb2RlIjoidmNfcm93IiwiZGF0YSI6eyJ0YWJsZXQiOnt9LCJtb2JpbGUiOnt9fX0=&#8220; mobile_bg_img_hidden=&#8220;no&#8220; tablet_bg_img_hidden=&#8220;no&#8220; woodmart_parallax=&#8220;0&#8243; woodmart_gradient_switch=&#8220;no&#8220; woodmart_box_shadow=&#8220;no&#8220; wd_z_index=&#8220;no&#8220; woodmart_disable_overflow=&#8220;0&#8243; row_reverse_mobile=&#8220;0&#8243; row_reverse_tablet=&#8220;0&#8243;][vc_column width=&#8220;1\/3&#8243;][\/vc_column][vc_column width=&#8220;1\/3&#8243;][vc_empty_space height=&#8220;50px&#8220; woodmart_hide_large=&#8220;0&#8243;<\/p>\n","protected":false},"author":1,"featured_media":0,"parent":0,"menu_order":0,"comment_status":"closed","ping_status":"closed","template":"","meta":{"footnotes":""},"class_list":["post-5212","page","type-page","status-publish","hentry"],"_links":{"self":[{"href":"https:\/\/homeline24.de\/de\/wp-json\/wp\/v2\/pages\/5212","targetHints":{"allow":["GET"]}}],"collection":[{"href":"https:\/\/homeline24.de\/de\/wp-json\/wp\/v2\/pages"}],"about":[{"href":"https:\/\/homeline24.de\/de\/wp-json\/wp\/v2\/types\/page"}],"author":[{"embeddable":true,"href":"https:\/\/homeline24.de\/de\/wp-json\/wp\/v2\/users\/1"}],"replies":[{"embeddable":true,"href":"https:\/\/homeline24.de\/de\/wp-json\/wp\/v2\/comments?post=5212"}],"version-history":[{"count":65,"href":"https:\/\/homeline24.de\/de\/wp-json\/wp\/v2\/pages\/5212\/revisions"}],"predecessor-version":[{"id":7300,"href":"https:\/\/homeline24.de\/de\/wp-json\/wp\/v2\/pages\/5212\/revisions\/7300"}],"wp:attachment":[{"href":"https:\/\/homeline24.de\/de\/wp-json\/wp\/v2\/media?parent=5212"}],"curies":[{"name":"wp","href":"https:\/\/api.w.org\/{rel}","templated":true}]}}